{"id":125,"date":"2025-05-26T17:25:57","date_gmt":"2025-05-26T21:25:57","guid":{"rendered":"https:\/\/oplift.ca\/?page_id=125"},"modified":"2025-08-05T08:51:39","modified_gmt":"2025-08-05T12:51:39","slug":"entreprise","status":"publish","type":"page","link":"https:\/\/oplift.ca\/fr\/entreprise\/","title":{"rendered":"Entreprise"},"content":{"rendered":"\n<h2 class=\"wp-block-heading\">Qui sommes-nous ?<\/h2>\n\n\n\n<p>Oplift est une marque fi\u00e8rement canadienne, n\u00e9e de l&rsquo;expertise d&rsquo;\u00c9l\u00e9vabec, un leader reconnu dans le domaine du transport vertical en Am\u00e9rique du Nord, offrant des solutions durables et adapt\u00e9es aux besoins de chaque client depuis 1981.<\/p>\n\n\n\n<p>Gr\u00e2ce \u00e0 notre expertise, nous nous distinguons par la long\u00e9vit\u00e9 de nos produits et notre approche de partenariat optimis\u00e9e, au service de ceux qui recherchent des \u00e9quipements fiables et personnalis\u00e9s.<\/p>\n\n\n\n<div class=\"wp-block-media-text is-stacked-on-mobile is-image-fill-element has-white-background-color has-background\" style=\"grid-template-columns:27% auto\"><figure class=\"wp-block-media-text__media\"><img loading=\"lazy\" decoding=\"async\" width=\"391\" height=\"600\" src=\"https:\/\/oplift.ca\/wp-content\/uploads\/2025\/05\/Elevabec-0591.jpg\" alt=\"\" class=\"wp-image-33 size-full\" style=\"object-position:83% 47%\" srcset=\"https:\/\/oplift.ca\/wp-content\/uploads\/2025\/05\/Elevabec-0591.jpg 391w, https:\/\/oplift.ca\/wp-content\/uploads\/2025\/05\/Elevabec-0591-196x300.jpg 196w\" sizes=\"auto, (max-width: 391px) 100vw, 391px\" \/><\/figure><div class=\"wp-block-media-text__content\">\n<h3 class=\"wp-block-heading\">Notre Vision<\/h3>\n\n\n\n<p>\u00c9l\u00e9vabec est reconnu pour la durabilit\u00e9 de ses solutions en\u00a0<strong>transport vertical<\/strong>\u00a0et pour l&rsquo;approche optimale de partenariats que nous \u00e9tablissons avec nos clients et partenaires \u00e0 travers toute l&rsquo;Am\u00e9rique du Nord.<\/p>\n\n\n\n<h3 class=\"wp-block-heading\"><strong>Nos Valeurs<\/strong><\/h3>\n\n\n\n<p>Les valeurs qui animent \u00c9l\u00e9vabec sont le c\u0153ur m\u00eame de notre entreprise :<\/p>\n\n\n\n<div class=\"wp-block-group is-layout-constrained wp-block-group-is-layout-constrained\">\n<div class=\"wp-block-group is-layout-constrained wp-block-group-is-layout-constrained\">\n<ul class=\"wp-block-list\">\n<li><strong>Orientation solution<\/strong>\u00a0: Nous cherchons constamment \u00e0 offrir les meilleures solutions aux d\u00e9fis de nos clients.<\/li>\n\n\n\n<li><strong>Engagement<\/strong>\u00a0: Nous nous investissons pleinement dans chaque projet.<\/li>\n\n\n\n<li><strong>Bienveillance<\/strong>\u00a0: La satisfaction de nos clients est essentielle \u00e0 notre r\u00e9ussite.<\/li>\n<\/ul>\n<\/div>\n<\/div>\n\n\n\n<h3 class=\"wp-block-heading\"><strong>Notre Mission<\/strong><\/h3>\n\n\n\n<p>Nous concevons, fabriquons, installons et assurons la maintenance d\u2019appareils de\u00a0<strong>transport vertical<\/strong>\u00a0qui sont \u00e0 la fois\u00a0<strong>optimaux, durables<\/strong>\u00a0et\u00a0<strong>personnalis\u00e9s<\/strong>\u00a0en fonction des besoins sp\u00e9cifiques de nos clients et partenaires.<\/p>\n<\/div><\/div>\n\n\n\n<h3 class=\"wp-block-heading\"><\/h3>\n\n\n\n<p><\/p>\n","protected":false},"excerpt":{"rendered":"<p>Qui sommes-nous ? Oplift est une marque fi\u00e8rement canadienne, n\u00e9e de l&rsquo;expertise d&rsquo;\u00c9l\u00e9vabec, un leader reconnu dans le domaine du&hellip;<\/p>\n","protected":false},"author":1,"featured_media":0,"parent":0,"menu_order":0,"comment_status":"closed","ping_status":"closed","template":"","meta":{"_acf_changed":false,"footnotes":""},"class_list":["post-125","page","type-page","status-publish","hentry"],"acf":[],"_links":{"self":[{"href":"https:\/\/oplift.ca\/fr\/wp-json\/wp\/v2\/pages\/125","targetHints":{"allow":["GET"]}}],"collection":[{"href":"https:\/\/oplift.ca\/fr\/wp-json\/wp\/v2\/pages"}],"about":[{"href":"https:\/\/oplift.ca\/fr\/wp-json\/wp\/v2\/types\/page"}],"author":[{"embeddable":true,"href":"https:\/\/oplift.ca\/fr\/wp-json\/wp\/v2\/users\/1"}],"replies":[{"embeddable":true,"href":"https:\/\/oplift.ca\/fr\/wp-json\/wp\/v2\/comments?post=125"}],"version-history":[{"count":4,"href":"https:\/\/oplift.ca\/fr\/wp-json\/wp\/v2\/pages\/125\/revisions"}],"predecessor-version":[{"id":522,"href":"https:\/\/oplift.ca\/fr\/wp-json\/wp\/v2\/pages\/125\/revisions\/522"}],"wp:attachment":[{"href":"https:\/\/oplift.ca\/fr\/wp-json\/wp\/v2\/media?parent=125"}],"curies":[{"name":"wp","href":"https:\/\/api.w.org\/{rel}","templated":true}]}}