{"id":21,"date":"2025-05-26T16:29:06","date_gmt":"2025-05-26T20:29:06","guid":{"rendered":"https:\/\/oplift.ca\/?page_id=21"},"modified":"2025-05-26T16:31:40","modified_gmt":"2025-05-26T20:31:40","slug":"produits","status":"publish","type":"page","link":"https:\/\/oplift.ca\/fr\/produits\/","title":{"rendered":"Produits"},"content":{"rendered":"<section class=\"categories-showcase alignwide\"\n>\n   <div class=\"categories-showcase__heading\">\n          <h2><\/h2>\n   <\/div>\n        <div class=\"categories-showcase__listing\">\n        \n<div class=\"product-category-item\">\n  <a class=\"product-category-item__inner\" href=\"https:\/\/oplift.ca\/fr\/produits\/plate-formes-elevatrices\/\">\n    <div class=\"product-category-item__thumbnail\">\n      <img loading=\"lazy\" decoding=\"async\" width=\"1024\" height=\"684\" src=\"https:\/\/oplift.ca\/wp-content\/uploads\/2025\/05\/elevating-work-platforms-1024x684.jpg\" class=\"attachment-large size-large\" alt=\"\" srcset=\"https:\/\/oplift.ca\/wp-content\/uploads\/2025\/05\/elevating-work-platforms-1024x684.jpg 1024w, https:\/\/oplift.ca\/wp-content\/uploads\/2025\/05\/elevating-work-platforms-300x200.jpg 300w, https:\/\/oplift.ca\/wp-content\/uploads\/2025\/05\/elevating-work-platforms-768x513.jpg 768w, https:\/\/oplift.ca\/wp-content\/uploads\/2025\/05\/elevating-work-platforms.jpg 1200w\" sizes=\"auto, (max-width: 1024px) 100vw, 1024px\" \/>    <\/div>\n    <div class=\"product-category-item__content\">\n      <p class=\"product-category-item__title\">\n        <span class=\"title-icon icon-arrow-outline\"><\/span>\n        <span class=\"title-text\">Plate-formes \u00e9l\u00e9vatrices<\/span>\n      <\/p>\n      <p class=\"product-category-item__excerpt\">Plate-forme \u00e9l\u00e9vatrice adapt\u00e9e selon les normes pour personnes \u00e0 mobilit\u00e9 r\u00e9duite. Hauts de gamme dans leur cat\u00e9gorie.<\/p>\n      <p class=\"product-category-item__read-more\">\n        <span class=\"btn--secondary\">\n          Voir les produits        <\/span>\n      <\/p>\n    <\/div>\n  <\/a>\n<\/div>\n\n<div class=\"product-category-item\">\n  <a class=\"product-category-item__inner\" href=\"https:\/\/oplift.ca\/fr\/produits\/monte-plats\/\">\n    <div class=\"product-category-item__thumbnail\">\n      <img loading=\"lazy\" decoding=\"async\" width=\"1024\" height=\"683\" src=\"https:\/\/oplift.ca\/wp-content\/uploads\/2025\/05\/dishes-lift-1024x683.jpg\" class=\"attachment-large size-large\" alt=\"\" srcset=\"https:\/\/oplift.ca\/wp-content\/uploads\/2025\/05\/dishes-lift-1024x683.jpg 1024w, https:\/\/oplift.ca\/wp-content\/uploads\/2025\/05\/dishes-lift-300x200.jpg 300w, https:\/\/oplift.ca\/wp-content\/uploads\/2025\/05\/dishes-lift-768x512.jpg 768w, https:\/\/oplift.ca\/wp-content\/uploads\/2025\/05\/dishes-lift.jpg 1254w\" sizes=\"auto, (max-width: 1024px) 100vw, 1024px\" \/>    <\/div>\n    <div class=\"product-category-item__content\">\n      <p class=\"product-category-item__title\">\n        <span class=\"title-icon icon-arrow-outline\"><\/span>\n        <span class=\"title-text\">Monte-plats<\/span>\n      <\/p>\n      <p class=\"product-category-item__excerpt\">Un petit monte-charge con\u00e7u pour assurer des d\u00e9placements s\u00e9curitaires lors de manutentions entre les \u00e9tages et qui assure une productivit\u00e9 accrue.<\/p>\n      <p class=\"product-category-item__read-more\">\n        <span class=\"btn--secondary\">\n          Voir les produits        <\/span>\n      <\/p>\n    <\/div>\n  <\/a>\n<\/div>\n\n<div class=\"product-category-item\">\n  <a class=\"product-category-item__inner\" href=\"https:\/\/oplift.ca\/fr\/produits\/ascenseurs\/\">\n    <div class=\"product-category-item__thumbnail\">\n      <img loading=\"lazy\" decoding=\"async\" width=\"1024\" height=\"684\" src=\"https:\/\/oplift.ca\/wp-content\/uploads\/2025\/05\/elevators-1024x684.jpg\" class=\"attachment-large size-large\" alt=\"\" srcset=\"https:\/\/oplift.ca\/wp-content\/uploads\/2025\/05\/elevators-1024x684.jpg 1024w, https:\/\/oplift.ca\/wp-content\/uploads\/2025\/05\/elevators-300x200.jpg 300w, https:\/\/oplift.ca\/wp-content\/uploads\/2025\/05\/elevators-768x513.jpg 768w, https:\/\/oplift.ca\/wp-content\/uploads\/2025\/05\/elevators.jpg 1200w\" sizes=\"auto, (max-width: 1024px) 100vw, 1024px\" \/>    <\/div>\n    <div class=\"product-category-item__content\">\n      <p class=\"product-category-item__title\">\n        <span class=\"title-icon icon-arrow-outline\"><\/span>\n        <span class=\"title-text\">Ascenseurs<\/span>\n      <\/p>\n      <p class=\"product-category-item__excerpt\">Ascenseur int\u00e9rieur \u00e0 gaine ferm\u00e9e, cat\u00e9gorie r\u00e9sidentielle et commerciale. Synonyme de qualit\u00e9 et fiabilit\u00e9.<\/p>\n      <p class=\"product-category-item__read-more\">\n        <span class=\"btn--secondary\">\n          Voir les produits        <\/span>\n      <\/p>\n    <\/div>\n  <\/a>\n<\/div>\n     <\/div>\n   <\/section>\n","protected":false},"excerpt":{"rendered":"","protected":false},"author":1,"featured_media":0,"parent":0,"menu_order":0,"comment_status":"closed","ping_status":"closed","template":"","meta":{"_acf_changed":false,"footnotes":""},"class_list":["post-21","page","type-page","status-publish","hentry"],"acf":[],"_links":{"self":[{"href":"https:\/\/oplift.ca\/fr\/wp-json\/wp\/v2\/pages\/21","targetHints":{"allow":["GET"]}}],"collection":[{"href":"https:\/\/oplift.ca\/fr\/wp-json\/wp\/v2\/pages"}],"about":[{"href":"https:\/\/oplift.ca\/fr\/wp-json\/wp\/v2\/types\/page"}],"author":[{"embeddable":true,"href":"https:\/\/oplift.ca\/fr\/wp-json\/wp\/v2\/users\/1"}],"replies":[{"embeddable":true,"href":"https:\/\/oplift.ca\/fr\/wp-json\/wp\/v2\/comments?post=21"}],"version-history":[{"count":1,"href":"https:\/\/oplift.ca\/fr\/wp-json\/wp\/v2\/pages\/21\/revisions"}],"predecessor-version":[{"id":22,"href":"https:\/\/oplift.ca\/fr\/wp-json\/wp\/v2\/pages\/21\/revisions\/22"}],"wp:attachment":[{"href":"https:\/\/oplift.ca\/fr\/wp-json\/wp\/v2\/media?parent=21"}],"curies":[{"name":"wp","href":"https:\/\/api.w.org\/{rel}","templated":true}]}}